{"id":427,"date":"2022-04-08T10:38:44","date_gmt":"2022-04-08T08:38:44","guid":{"rendered":"https:\/\/parabolik.fr\/?page_id=427"},"modified":"2022-05-21T23:50:42","modified_gmt":"2022-05-21T21:50:42","slug":"informations-legales","status":"publish","type":"page","link":"https:\/\/parabolik.fr\/en\/informations-legales\/","title":{"rendered":"Legal information"},"content":{"rendered":"<\/p>\n\n\n\n<p><strong>Legal notice :<\/strong><\/p>\n\n\n\n<p>Company SAS PARABOLIK<\/p>\n\n\n\n<p>Soci\u00e9t\u00e9 par Actions Simplifi\u00e9es with a capital of 60 000,00\u20ac, whose head office is in France at 71 Chemin de Mauri\u00e9<br>in Bias (40170), registered at the RCS of Mont-de-Marsan under the number SIREN 844 363 184 00012 and intra-community VAT FR39844363184.<\/p>\n\n\n\n<p>The director of the publication is Mr <strong>Benoit Emasabal<\/strong>, CEO of the company PARABOLIK.<\/p>\n\n\n\n<p>Host of the site www.parabolik.fr:<\/p>\n\n\n\n<p>Magic Online<br>130-134 Avenue du Pr\u00e9sident Wilson 93512 Montreuil Cedex<br>Share capital : 102 840\u20ac.<br>https:\/\/www.magic.fr<br>Phone number : 01 41 58 22 50<\/p>\n\n\n\n<p>For any information, you can contact us :<\/p>\n\n\n\n<p>Tel : +33 (0) 662 602 501<\/p>\n\n\n\n<p>Mail : contact@parabolik.fr<\/p>\n\n\n\n<p>The Parabolik customer file has been declared to the CNIL under number 1358092.<\/p>\n\n\n\n<p>Applicable law:<\/p>\n\n\n\n<p>French law is applicable for both formal and substantive rules.<\/p>\n\n\n<p>","protected":false},"excerpt":{"rendered":"","protected":false},"author":1,"featured_media":0,"parent":0,"menu_order":0,"comment_status":"closed","ping_status":"closed","template":"","meta":{"footnotes":""},"class_list":["post-427","page","type-page","status-publish","hentry"],"_links":{"self":[{"href":"https:\/\/parabolik.fr\/en\/wp-json\/wp\/v2\/pages\/427","targetHints":{"allow":["GET"]}}],"collection":[{"href":"https:\/\/parabolik.fr\/en\/wp-json\/wp\/v2\/pages"}],"about":[{"href":"https:\/\/parabolik.fr\/en\/wp-json\/wp\/v2\/types\/page"}],"author":[{"embeddable":true,"href":"https:\/\/parabolik.fr\/en\/wp-json\/wp\/v2\/users\/1"}],"replies":[{"embeddable":true,"href":"https:\/\/parabolik.fr\/en\/wp-json\/wp\/v2\/comments?post=427"}],"version-history":[{"count":9,"href":"https:\/\/parabolik.fr\/en\/wp-json\/wp\/v2\/pages\/427\/revisions"}],"predecessor-version":[{"id":545,"href":"https:\/\/parabolik.fr\/en\/wp-json\/wp\/v2\/pages\/427\/revisions\/545"}],"wp:attachment":[{"href":"https:\/\/parabolik.fr\/en\/wp-json\/wp\/v2\/media?parent=427"}],"curies":[{"name":"wp","href":"https:\/\/api.w.org\/{rel}","templated":true}]}}