{"id":1240,"date":"2025-11-11T13:31:15","date_gmt":"2025-11-11T12:31:15","guid":{"rendered":"https:\/\/parabolik.fr\/?post_type=product&#038;p=1240"},"modified":"2025-11-11T14:01:18","modified_gmt":"2025-11-11T13:01:18","slug":"pumptrack-duvi","status":"publish","type":"product","link":"https:\/\/parabolik.fr\/en\/serie\/pumptrack-duvi\/","title":{"rendered":"Pumptrack Duvi"},"content":{"rendered":"<p>Sp\u00e9cialement con\u00e7u pour le <strong data-start=\"149\" data-end=\"170\">ride en pumptrack<\/strong>, ce mod\u00e8le offre des <strong data-start=\"192\" data-end=\"222\">sensations proches du surf<\/strong> gr\u00e2ce \u00e0 la <strong data-start=\"234\" data-end=\"267\">torsion naturelle de la board<\/strong> et \u00e0 son <strong data-start=\"277\" data-end=\"309\">\u00e9quipement haute performance<\/strong>.<br data-start=\"310\" data-end=\"313\" \/>Aucune <strong data-start=\"320\" data-end=\"352\">instabilit\u00e9 \u00e0 grande vitesse<\/strong>, seulement une <strong data-start=\"368\" data-end=\"398\">glisse fluide et contr\u00f4l\u00e9e<\/strong>.<br \/>\n<br data-start=\"399\" data-end=\"402\" \/>D\u00e9velopp\u00e9 en collaboration avec l\u2019<strong data-start=\"436\" data-end=\"479\">excellentissime surfer Vincent Duvignac<\/strong>, il incarne l\u2019esprit du <strong data-start=\"504\" data-end=\"525\">surf sur asphalte<\/strong>.<\/p>\n<p><strong><em>Dimensions (en millim\u00e8tres) :<\/em><\/strong><\/p>\n<ul>\n<li>Length: <strong>800<\/strong> mm<\/li>\n<li>Largeur Nose : <strong>220<\/strong> mm<\/li>\n<li>Largeur Centre : <strong>200<\/strong> mm<\/li>\n<li>Largeur Tail : <strong>250<\/strong> mm<\/li>\n<li>Stance : <strong>450<\/strong> mm<\/li>\n<li>Oculus : <strong>Avant<\/strong><\/li>\n<\/ul>","protected":false},"excerpt":{"rendered":"<p>Stable \u00e0 grande vitesse, maniable dans les virages serr\u00e9s, d\u00e9velopp\u00e9 avec le surfer Vincent Duvignac.<\/p>","protected":false},"featured_media":1241,"template":"","meta":[],"product_brand":[],"product_cat":[45],"product_tag":[],"class_list":{"0":"post-1240","1":"product","2":"type-product","3":"status-publish","4":"has-post-thumbnail","6":"product_cat-offresspeciales","8":"first","9":"instock","10":"sale","11":"taxable","12":"shipping-taxable","13":"purchasable","14":"product-type-simple"},"_links":{"self":[{"href":"https:\/\/parabolik.fr\/en\/wp-json\/wp\/v2\/product\/1240","targetHints":{"allow":["GET"]}}],"collection":[{"href":"https:\/\/parabolik.fr\/en\/wp-json\/wp\/v2\/product"}],"about":[{"href":"https:\/\/parabolik.fr\/en\/wp-json\/wp\/v2\/types\/product"}],"wp:featuredmedia":[{"embeddable":true,"href":"https:\/\/parabolik.fr\/en\/wp-json\/wp\/v2\/media\/1241"}],"wp:attachment":[{"href":"https:\/\/parabolik.fr\/en\/wp-json\/wp\/v2\/media?parent=1240"}],"wp:term":[{"taxonomy":"product_brand","embeddable":true,"href":"https:\/\/parabolik.fr\/en\/wp-json\/wp\/v2\/product_brand?post=1240"},{"taxonomy":"product_cat","embeddable":true,"href":"https:\/\/parabolik.fr\/en\/wp-json\/wp\/v2\/product_cat?post=1240"},{"taxonomy":"product_tag","embeddable":true,"href":"https:\/\/parabolik.fr\/en\/wp-json\/wp\/v2\/product_tag?post=1240"}],"curies":[{"name":"wp","href":"https:\/\/api.w.org\/{rel}","templated":true}]}}