{"id":719,"date":"2021-11-13T17:48:10","date_gmt":"2021-11-13T16:48:10","guid":{"rendered":"https:\/\/parabolik.fr\/serie\/authentik-large\/"},"modified":"2024-07-05T17:10:04","modified_gmt":"2024-07-05T15:10:04","slug":"authentik-large","status":"publish","type":"product","link":"https:\/\/parabolik.fr\/en\/serie\/authentik-large\/","title":{"rendered":"Authentik Large"},"content":{"rendered":"<p>LE skate fait pour de nouvelles sensations !<\/p>\n<p>Sa forme asym\u00e9trique offre une torsion exceptionnelle, c&rsquo;est la plus adapt\u00e9e \u00e0 la pratique du carving. Un skate tr\u00e8s joueur.<\/p>\n<p>En \u00e9pousant chaque mouvement des pieds, cette planche vous offrira un ride unique, plus performant, \u00e0 base de virages facilit\u00e9s et de relances folles !<\/p>\n<p>C&rsquo;est le skate le plus pr\u00e9cis et le plus technique de la collection, twin tip, il existe en 3 tailles pour que tout le monde trouve son bonheur.<\/p>\n<p>Confort et performances au rendez-vous gr\u00e2ce aux roues BONES Roughriders et \u00e0 leurs roulements RUSH.<\/p>\n<p>Pi\u00e8ce unique num\u00e9rot\u00e9e, livr\u00e9e avec certificat d&rsquo;authenticit\u00e9.<br \/>\nPlanche garantie 2 ans<\/p>","protected":false},"excerpt":{"rendered":"<p>Le skate de r\u00e9f\u00e9rence chez PARABOLIK, 79cm de bonheur, fait pour tailler des courbes, id\u00e9al pour l&rsquo;entra\u00eenement estival des snowboarders ou simplement pour d\u00e9couvrir un nouveau type de ride.<\/p>","protected":false},"featured_media":573,"template":"","meta":[],"product_brand":[],"product_cat":[42],"product_tag":[],"class_list":{"0":"post-719","1":"product","2":"type-product","3":"status-publish","4":"has-post-thumbnail","6":"product_cat-old-collection","8":"first","9":"instock","10":"taxable","11":"shipping-taxable","12":"purchasable","13":"product-type-simple"},"_links":{"self":[{"href":"https:\/\/parabolik.fr\/en\/wp-json\/wp\/v2\/product\/719","targetHints":{"allow":["GET"]}}],"collection":[{"href":"https:\/\/parabolik.fr\/en\/wp-json\/wp\/v2\/product"}],"about":[{"href":"https:\/\/parabolik.fr\/en\/wp-json\/wp\/v2\/types\/product"}],"wp:featuredmedia":[{"embeddable":true,"href":"https:\/\/parabolik.fr\/en\/wp-json\/wp\/v2\/media\/573"}],"wp:attachment":[{"href":"https:\/\/parabolik.fr\/en\/wp-json\/wp\/v2\/media?parent=719"}],"wp:term":[{"taxonomy":"product_brand","embeddable":true,"href":"https:\/\/parabolik.fr\/en\/wp-json\/wp\/v2\/product_brand?post=719"},{"taxonomy":"product_cat","embeddable":true,"href":"https:\/\/parabolik.fr\/en\/wp-json\/wp\/v2\/product_cat?post=719"},{"taxonomy":"product_tag","embeddable":true,"href":"https:\/\/parabolik.fr\/en\/wp-json\/wp\/v2\/product_tag?post=719"}],"curies":[{"name":"wp","href":"https:\/\/api.w.org\/{rel}","templated":true}]}}