{"id":724,"date":"2021-11-13T17:48:12","date_gmt":"2021-11-13T16:48:12","guid":{"rendered":"https:\/\/parabolik.fr\/serie\/kids-longboard\/"},"modified":"2024-07-05T17:07:51","modified_gmt":"2024-07-05T15:07:51","slug":"kids-longboard","status":"publish","type":"product","link":"https:\/\/parabolik.fr\/en\/serie\/kids-longboard\/","title":{"rendered":"Kids Longboard"},"content":{"rendered":"<p>La version KIDS LONGBOARD du shape ATOMIK, c&rsquo;est l&rsquo;outil id\u00e9al pour d\u00e9buter le skate en toute s\u00e9r\u00e9nit\u00e9.<\/p>\n<p>Sa longueur permettra aux enfants de trouver les bons appuis, et d&rsquo;attaquer les premi\u00e8res descentes en douceur.<\/p>\n<p>Les progr\u00e8s sont rapides et votre enfant deviendra vite accro \u00e0 son nouveau joujou !<\/p>\n<p>Pi\u00e8ce unique num\u00e9rot\u00e9e, livr\u00e9e avec certificat d&rsquo;authenticit\u00e9.<br \/>\nPlanche garantie 2 ans<\/p>","protected":false},"excerpt":{"rendered":"<p>Le longskate id\u00e9al pour un enfant qui veut d\u00e9buter et progresser rapidement. \u00c0 partir de 8 ans.<\/p>","protected":false},"featured_media":759,"template":"","meta":[],"product_brand":[],"product_cat":[42],"product_tag":[],"class_list":{"0":"post-724","1":"product","2":"type-product","3":"status-publish","4":"has-post-thumbnail","6":"product_cat-old-collection","8":"first","9":"outofstock","10":"taxable","11":"shipping-taxable","12":"purchasable","13":"product-type-simple"},"_links":{"self":[{"href":"https:\/\/parabolik.fr\/en\/wp-json\/wp\/v2\/product\/724","targetHints":{"allow":["GET"]}}],"collection":[{"href":"https:\/\/parabolik.fr\/en\/wp-json\/wp\/v2\/product"}],"about":[{"href":"https:\/\/parabolik.fr\/en\/wp-json\/wp\/v2\/types\/product"}],"wp:featuredmedia":[{"embeddable":true,"href":"https:\/\/parabolik.fr\/en\/wp-json\/wp\/v2\/media\/759"}],"wp:attachment":[{"href":"https:\/\/parabolik.fr\/en\/wp-json\/wp\/v2\/media?parent=724"}],"wp:term":[{"taxonomy":"product_brand","embeddable":true,"href":"https:\/\/parabolik.fr\/en\/wp-json\/wp\/v2\/product_brand?post=724"},{"taxonomy":"product_cat","embeddable":true,"href":"https:\/\/parabolik.fr\/en\/wp-json\/wp\/v2\/product_cat?post=724"},{"taxonomy":"product_tag","embeddable":true,"href":"https:\/\/parabolik.fr\/en\/wp-json\/wp\/v2\/product_tag?post=724"}],"curies":[{"name":"wp","href":"https:\/\/api.w.org\/{rel}","templated":true}]}}