{"id":726,"date":"2022-11-13T17:48:13","date_gmt":"2022-11-13T16:48:13","guid":{"rendered":"https:\/\/parabolik.fr\/serie\/longboard-classik\/"},"modified":"2022-11-30T14:44:24","modified_gmt":"2022-11-30T13:44:24","slug":"longboard-classik","status":"publish","type":"product","link":"https:\/\/parabolik.fr\/en\/serie\/longboard-classik\/","title":{"rendered":"Longboard Classik"},"content":{"rendered":"<p>De la longue ballade \u00e0 la descente la plus engag\u00e9e.<\/p>\n<p>Ce skate vous fera d\u00e9couvrir du paysage autrement, une v\u00e9ritable hymne \u00e0 l&rsquo;amour du free-ride.<\/p>\n<p>Pour ceux qui rident loin, ou vite, et qui recherchent une planche performante, technique.<\/p>\n<p>Une torsion progressive pour des courbes sportives en carving, du renvoi d&rsquo;\u00e9nergie en pumping et une stabilit\u00e9 excellente en ligne droite.<\/p>\n<p>Plusieurs \u00e9carts entre les trucks possibles, hanger retournables, vous pourrez passer d&rsquo;un skate de carving tr\u00e8s tournant \u00e0 un skate de descente tr\u00e8s stable.<\/p>\n<p>Multi-outil offert.<br \/>\nMont\u00e9 d&rsquo;origine en mode carving.<br \/>\nPi\u00e8ce unique num\u00e9rot\u00e9e, livr\u00e9e avec certificat d&rsquo;authenticit\u00e9.<br \/>\nPlanche garantie 2 ans<\/p>","protected":false},"excerpt":{"rendered":"<p>Sous son air tr\u00e8s classique, ce longboard de 93cm cache bien son jeu, \u00e0 la fois maniable et stable en vitesse, il a tout !<\/p>","protected":false},"featured_media":763,"template":"","meta":[],"product_brand":[],"product_cat":[35],"product_tag":[],"class_list":{"0":"post-726","1":"product","2":"type-product","3":"status-publish","4":"has-post-thumbnail","6":"product_cat-catalogue","8":"first","9":"instock","10":"taxable","11":"shipping-taxable","12":"purchasable","13":"product-type-simple"},"_links":{"self":[{"href":"https:\/\/parabolik.fr\/en\/wp-json\/wp\/v2\/product\/726","targetHints":{"allow":["GET"]}}],"collection":[{"href":"https:\/\/parabolik.fr\/en\/wp-json\/wp\/v2\/product"}],"about":[{"href":"https:\/\/parabolik.fr\/en\/wp-json\/wp\/v2\/types\/product"}],"wp:featuredmedia":[{"embeddable":true,"href":"https:\/\/parabolik.fr\/en\/wp-json\/wp\/v2\/media\/763"}],"wp:attachment":[{"href":"https:\/\/parabolik.fr\/en\/wp-json\/wp\/v2\/media?parent=726"}],"wp:term":[{"taxonomy":"product_brand","embeddable":true,"href":"https:\/\/parabolik.fr\/en\/wp-json\/wp\/v2\/product_brand?post=726"},{"taxonomy":"product_cat","embeddable":true,"href":"https:\/\/parabolik.fr\/en\/wp-json\/wp\/v2\/product_cat?post=726"},{"taxonomy":"product_tag","embeddable":true,"href":"https:\/\/parabolik.fr\/en\/wp-json\/wp\/v2\/product_tag?post=726"}],"curies":[{"name":"wp","href":"https:\/\/api.w.org\/{rel}","templated":true}]}}